{"id":87745,"date":"2023-12-13T13:29:42","date_gmt":"2023-12-13T12:29:42","guid":{"rendered":"https:\/\/eu.newsroom.haitian.com\/salle-de-presse-haitienne\/"},"modified":"2026-05-05T10:13:17","modified_gmt":"2026-05-05T08:13:17","slug":"salle-de-presse-haitienne","status":"publish","type":"page","link":"https:\/\/eu.newsroom.haitian.com\/fr\/","title":{"rendered":"Salle de presse ha\u00eftienne"},"content":{"rendered":"<p>[et_pb_section fb_built=\u00a0\u00bb1&Prime; fullwidth=\u00a0\u00bbon\u00a0\u00bb admin_label=\u00a0\u00bbHeader with Picture\u00a0\u00bb module_class=\u00a0\u00bbteaser-image-over-text\u00a0\u00bb _builder_version=\u00a0\u00bb4.22.2&Prime; _module_preset=\u00a0\u00bbdefault\u00a0\u00bb locked=\u00a0\u00bboff\u00a0\u00bb global_colors_info=\u00a0\u00bb{}\u00a0\u00bb][et_pb_fullwidth_header text_orientation=\u00a0\u00bbright\u00a0\u00bb header_fullscreen=\u00a0\u00bbon\u00a0\u00bb _builder_version=\u00a0\u00bb4.27.2&Prime; _module_preset=\u00a0\u00bbdefault\u00a0\u00bb title_text_align=\u00a0\u00bbright\u00a0\u00bb content_text_align=\u00a0\u00bbright\u00a0\u00bb background_enable_color=\u00a0\u00bboff\u00a0\u00bb background_image=\u00a0\u00bbhttps:\/\/eu.newsroom.haitian.com\/wp-content\/uploads\/sites\/4\/2024\/12\/Haitian-Newsroom_Teaser.jpg\u00a0\u00bb global_colors_info=\u00a0\u00bb{}\u00a0\u00bb][\/et_pb_fullwidth_header][\/et_pb_section][et_pb_section fb_built=\u00a0\u00bb1&Prime; _builder_version=\u00a0\u00bb4.23.1&Prime; _module_preset=\u00a0\u00bbdefault\u00a0\u00bb custom_padding=\u00a0\u00bb119px|||||\u00a0\u00bb global_colors_info=\u00a0\u00bb{}\u00a0\u00bb][et_pb_row column_structure=\u00a0\u00bb1_5,1_5,1_5,1_5,1_5&Prime; make_equal=\u00a0\u00bbon\u00a0\u00bb module_class=\u00a0\u00bbrow_newsroom_buttons\u00a0\u00bb _builder_version=\u00a0\u00bb4.23.1&Prime; _module_preset=\u00a0\u00bbdefault\u00a0\u00bb global_colors_info=\u00a0\u00bb{}\u00a0\u00bb][et_pb_column type=\u00a0\u00bb1_5&Prime; _builder_version=\u00a0\u00bb4.23.1&Prime; _module_preset=\u00a0\u00bbdefault\u00a0\u00bb global_colors_info=\u00a0\u00bb{}\u00a0\u00bb][et_pb_image src=\u00a0\u00bbhttps:\/\/eu.newsroom.haitian.com\/wp-content\/uploads\/sites\/4\/2024\/02\/Icons_Newsroom_News.svg\u00a0\u00bb title_text=\u00a0\u00bbIc\u00f4nes Salle de presse Actualit\u00e9s\u00a0\u00bb url=\u00a0\u00bb@ET-DC@eyJkeW5hbWljIjp0cnVlLCJjb250ZW50IjoicG9zdF9saW5rX3VybF9wYWdlIiwic2V0dGluZ3MiOnsicG9zdF9pZCI6Ijc3NzIzIiwiZW5hYmxlX2h0bWwiOiJvZmYifX0=@\u00a0\u00bb align=\u00a0\u00bbcenter\u00a0\u00bb _builder_version=\u00a0\u00bb4.23.1&Prime; _dynamic_attributes=\u00a0\u00bburl\u00a0\u00bb _module_preset=\u00a0\u00bbdefault\u00a0\u00bb global_colors_info=\u00a0\u00bb{}\u00a0\u00bb][\/et_pb_image][et_pb_text _builder_version=\u00a0\u00bb4.27.0&Prime; _module_preset=\u00a0\u00bbdefault\u00a0\u00bb text_orientation=\u00a0\u00bbcenter\u00a0\u00bb link_option_url=\u00a0\u00bbhttps:\/\/eu.newsroom.haitian.com\/press-news\/\u00a0\u00bb global_colors_info=\u00a0\u00bb{}\u00a0\u00bb]<\/p>\n<p>Nouvelles de la presse<\/p>\n<p>[\/et_pb_text][\/et_pb_column][et_pb_column type=\u00a0\u00bb1_5&Prime; _builder_version=\u00a0\u00bb4.23.1&Prime; _module_preset=\u00a0\u00bbdefault\u00a0\u00bb global_colors_info=\u00a0\u00bb{}\u00a0\u00bb][et_pb_image src=\u00a0\u00bbhttps:\/\/eu.newsroom.haitian.com\/wp-content\/uploads\/sites\/4\/2024\/02\/Icons_Newsroom_Magazin.svg\u00a0\u00bb title_text=\u00a0\u00bbIcons Newsroom Magazin\u00a0\u00bb url=\u00a0\u00bb@ET-DC@eyJkeW5hbWljIjp0cnVlLCJjb250ZW50IjoicG9zdF9saW5rX3VybF9wYWdlIiwic2V0dGluZ3MiOnsicG9zdF9pZCI6Ijc3Nzg4IiwiZW5hYmxlX2h0bWwiOiJvZmYifX0=@\u00a0\u00bb align=\u00a0\u00bbcenter\u00a0\u00bb _builder_version=\u00a0\u00bb4.23.1&Prime; _dynamic_attributes=\u00a0\u00bburl\u00a0\u00bb _module_preset=\u00a0\u00bbdefault\u00a0\u00bb global_colors_info=\u00a0\u00bb{}\u00a0\u00bb][\/et_pb_image][et_pb_text _builder_version=\u00a0\u00bb4.27.0&Prime; _module_preset=\u00a0\u00bbdefault\u00a0\u00bb text_orientation=\u00a0\u00bbcenter\u00a0\u00bb link_option_url=\u00a0\u00bbhttps:\/\/eu.newsroom.haitian.com\/stories\/\u00a0\u00bb global_colors_info=\u00a0\u00bb{}\u00a0\u00bb]<\/p>\n<p>Histoires<\/p>\n<p>[\/et_pb_text][\/et_pb_column][et_pb_column type=\u00a0\u00bb1_5&Prime; _builder_version=\u00a0\u00bb4.23.1&Prime; _module_preset=\u00a0\u00bbdefault\u00a0\u00bb global_colors_info=\u00a0\u00bb{}\u00a0\u00bb][et_pb_image src=\u00a0\u00bbhttps:\/\/eu.newsroom.haitian.com\/wp-content\/uploads\/sites\/4\/2024\/02\/Icons_Newsroom_Event.svg\u00a0\u00bb title_text=\u00a0\u00bb\u00c9v\u00e9nement de la salle de presse Ic\u00f4nes\u00a0\u00bb url=\u00a0\u00bb@ET-DC@eyJkeW5hbWljIjp0cnVlLCJjb250ZW50IjoicG9zdF9saW5rX3VybF9wYWdlIiwic2V0dGluZ3MiOnsicG9zdF9pZCI6Ijc3NzYxIiwiZW5hYmxlX2h0bWwiOiJvZmYifX0=@\u00a0\u00bb align=\u00a0\u00bbcenter\u00a0\u00bb _builder_version=\u00a0\u00bb4.23.1&Prime; _dynamic_attributes=\u00a0\u00bburl\u00a0\u00bb _module_preset=\u00a0\u00bbdefault\u00a0\u00bb global_colors_info=\u00a0\u00bb{}\u00a0\u00bb][\/et_pb_image][et_pb_text _builder_version=\u00a0\u00bb4.23.1&Prime; _module_preset=\u00a0\u00bbdefault\u00a0\u00bb text_orientation=\u00a0\u00bbcenter\u00a0\u00bb link_option_url=\u00a0\u00bbhttps:\/\/eu.newsroom.haitian.com\/events\/\u00a0\u00bb global_colors_info=\u00a0\u00bb{}\u00a0\u00bb]<\/p>\n<p>\u00c9v\u00e9nements<\/p>\n<p>[\/et_pb_text][\/et_pb_column][et_pb_column type=\u00a0\u00bb1_5&Prime; disabled_on=\u00a0\u00bbon|on|on\u00a0\u00bb _builder_version=\u00a0\u00bb4.23.1&Prime; _module_preset=\u00a0\u00bbdefault\u00a0\u00bb disabled=\u00a0\u00bbon\u00a0\u00bb global_colors_info=\u00a0\u00bb{}\u00a0\u00bb][et_pb_image src=\u00a0\u00bbhttps:\/\/eu.newsroom.haitian.com\/wp-content\/uploads\/sites\/4\/2024\/02\/Icons_Newsroom_Videosvg.svg\u00a0\u00bb title_text=\u00a0\u00bbIc\u00f4nes Salle de presse Vid\u00e9osvg\u00a0\u00bb url=\u00a0\u00bb@ET-DC@eyJkeW5hbWljIjp0cnVlLCJjb250ZW50IjoicG9zdF9saW5rX3VybF9wYWdlIiwic2V0dGluZ3MiOnsicG9zdF9pZCI6Ijc4MDQ1IiwiZW5hYmxlX2h0bWwiOiJvZmYifX0=@\u00a0\u00bb align=\u00a0\u00bbcenter\u00a0\u00bb disabled_on=\u00a0\u00bbon|on|on\u00a0\u00bb _builder_version=\u00a0\u00bb4.23.1&Prime; _dynamic_attributes=\u00a0\u00bburl\u00a0\u00bb _module_preset=\u00a0\u00bbdefault\u00a0\u00bb disabled=\u00a0\u00bbon\u00a0\u00bb global_colors_info=\u00a0\u00bb{}\u00a0\u00bb][\/et_pb_image][et_pb_text disabled_on=\u00a0\u00bbon|on|on\u00a0\u00bb _builder_version=\u00a0\u00bb4.23.1&Prime; _module_preset=\u00a0\u00bbdefault\u00a0\u00bb text_orientation=\u00a0\u00bbcenter\u00a0\u00bb link_option_url=\u00a0\u00bbhttps:\/\/eu.newsroom.haitian.com\/videos\/\u00a0\u00bb disabled=\u00a0\u00bbon\u00a0\u00bb global_colors_info=\u00a0\u00bb{}\u00a0\u00bb]<\/p>\n<p>Galerie vid\u00e9o<\/p>\n<p>[\/et_pb_text][\/et_pb_column][et_pb_column type=\u00a0\u00bb1_5&Prime; disabled_on=\u00a0\u00bbon|on|on\u00a0\u00bb _builder_version=\u00a0\u00bb4.23.1&Prime; _module_preset=\u00a0\u00bbdefault\u00a0\u00bb disabled=\u00a0\u00bbon\u00a0\u00bb global_colors_info=\u00a0\u00bb{}\u00a0\u00bb][et_pb_image src=\u00a0\u00bbhttps:\/\/eu.newsroom.haitian.com\/wp-content\/uploads\/sites\/4\/2024\/02\/Icons_Newsroom_Download.svg\u00a0\u00bb title_text=\u00a0\u00bbIcons Newsroom T\u00e9l\u00e9charger\u00a0\u00bb url=\u00a0\u00bbhttps:\/\/eu.newsroom.haitian.com\/media-downloads\/\u00a0\u00bb align=\u00a0\u00bbcenter\u00a0\u00bb disabled_on=\u00a0\u00bbon|on|on\u00a0\u00bb _builder_version=\u00a0\u00bb4.23.1&Prime; _module_preset=\u00a0\u00bbdefault\u00a0\u00bb disabled=\u00a0\u00bbon\u00a0\u00bb global_colors_info=\u00a0\u00bb{}\u00a0\u00bb][\/et_pb_image][et_pb_text disabled_on=\u00a0\u00bbon|on|on\u00a0\u00bb _builder_version=\u00a0\u00bb4.23.1&Prime; _module_preset=\u00a0\u00bbdefault\u00a0\u00bb text_orientation=\u00a0\u00bbcenter\u00a0\u00bb link_option_url=\u00a0\u00bbhttps:\/\/eu.newsroom.haitian.com\/media-downloads\/\u00a0\u00bb disabled=\u00a0\u00bbon\u00a0\u00bb global_colors_info=\u00a0\u00bb{}\u00a0\u00bb]<\/p>\n<p>T\u00e9l\u00e9chargements<\/p>\n<p>[\/et_pb_text][\/et_pb_column][\/et_pb_row][\/et_pb_section][et_pb_section fb_built=\u00a0\u00bb1&Prime; module_class=\u00a0\u00bbsection-news-image-text\u00a0\u00bb _builder_version=\u00a0\u00bb4.23.1&Prime; _module_preset=\u00a0\u00bbdefault\u00a0\u00bb custom_padding=\u00a0\u00bb120px|||||\u00a0\u00bb locked=\u00a0\u00bboff\u00a0\u00bb global_colors_info=\u00a0\u00bb{}\u00a0\u00bb][et_pb_row _builder_version=\u00a0\u00bb4.23.1&Prime; _module_preset=\u00a0\u00bbdefault\u00a0\u00bb locked=\u00a0\u00bboff\u00a0\u00bb global_colors_info=\u00a0\u00bb{}\u00a0\u00bb][et_pb_column type=\u00a0\u00bb4_4&Prime; _builder_version=\u00a0\u00bb4.23.1&Prime; _module_preset=\u00a0\u00bbdefault\u00a0\u00bb global_colors_info=\u00a0\u00bb{}\u00a0\u00bb][et_pb_blog_extras posts_number=\u00a0\u00bb1&Prime; excerpt_length=\u00a0\u00bb200&Prime; read_more_text=\u00a0\u00bbmore\u00a0\u00bb show_author=\u00a0\u00bboff\u00a0\u00bb show_date=\u00a0\u00bboff\u00a0\u00bb show_comments=\u00a0\u00bboff\u00a0\u00bb module_class=\u00a0\u00bbreverse-row\u00a0\u00bb _builder_version=\u00a0\u00bb4.27.4&Prime; _module_preset=\u00a0\u00bbdefault\u00a0\u00bb header_level=\u00a0\u00bbh4&Prime; header_text_align=\u00a0\u00bbleft\u00a0\u00bb hover_enabled=\u00a0\u00bb0&Prime; global_colors_info=\u00a0\u00bb{}\u00a0\u00bb include_categories=\u00a0\u00bb1&Prime; sticky_enabled=\u00a0\u00bb0&Prime;][\/et_pb_blog_extras][\/et_pb_column][\/et_pb_row][\/et_pb_section][et_pb_section fb_built=\u00a0\u00bb1&Prime; _builder_version=\u00a0\u00bb4.23.1&Prime; _module_preset=\u00a0\u00bbdefault\u00a0\u00bb global_colors_info=\u00a0\u00bb{}\u00a0\u00bb][et_pb_row _builder_version=\u00a0\u00bb4.23.1&Prime; _module_preset=\u00a0\u00bbdefault\u00a0\u00bb custom_padding=\u00a0\u00bb||0px|||\u00a0\u00bb global_colors_info=\u00a0\u00bb{}\u00a0\u00bb][et_pb_column type=\u00a0\u00bb4_4&Prime; _builder_version=\u00a0\u00bb4.23.1&Prime; _module_preset=\u00a0\u00bbdefault\u00a0\u00bb global_colors_info=\u00a0\u00bb{}\u00a0\u00bb][et_pb_text _builder_version=\u00a0\u00bb4.27.2&Prime; _module_preset=\u00a0\u00bbdefault\u00a0\u00bb header_2_text_align=\u00a0\u00bbcenter\u00a0\u00bb global_colors_info=\u00a0\u00bb{}\u00a0\u00bb]<\/p>\n<h3 style=\"text-align: center\">Communiqu\u00e9s de presse<\/h3>\n<p>[\/et_pb_text][\/et_pb_column][\/et_pb_row][\/et_pb_section][et_pb_section fb_built=\u00a0\u00bb1&Prime; admin_label=\u00a0\u00bbNews &#8211; Related Posts\u00a0\u00bb module_class=\u00a0\u00bbsection-carousel-slider-post\u00a0\u00bb _builder_version=\u00a0\u00bb4.23.1&Prime; _module_preset=\u00a0\u00bbdefault\u00a0\u00bb custom_padding=\u00a0\u00bb62px|||||\u00a0\u00bb global_colors_info=\u00a0\u00bb{}\u00a0\u00bb][et_pb_row _builder_version=\u00a0\u00bb4.22.2&Prime; _module_preset=\u00a0\u00bbdefault\u00a0\u00bb locked=\u00a0\u00bboff\u00a0\u00bb global_colors_info=\u00a0\u00bb{}\u00a0\u00bb][et_pb_column type=\u00a0\u00bb4_4&Prime; _builder_version=\u00a0\u00bb4.22.2&Prime; _module_preset=\u00a0\u00bbdefault\u00a0\u00bb global_colors_info=\u00a0\u00bb{}\u00a0\u00bb][et_pb_blog_extras include_categories=\u00a0\u00bb78&Prime; blog_layout=\u00a0\u00bbslider\u00a0\u00bb slider_layout=\u00a0\u00bbvertical_grid\u00a0\u00bb meta_date=\u00a0\u00bbm\/j\/Y\u00a0\u00bb excerpt_length=\u00a0\u00bb100&Prime; show_more=\u00a0\u00bboff\u00a0\u00bb show_author=\u00a0\u00bboff\u00a0\u00bb show_comments=\u00a0\u00bboff\u00a0\u00bb slides_per_view=\u00a0\u00bb3&Prime; slider_loop=\u00a0\u00bbon\u00a0\u00bb autoplay=\u00a0\u00bboff\u00a0\u00bb show_arrow=\u00a0\u00bbon\u00a0\u00bb show_arrow_on_hover=\u00a0\u00bbon\u00a0\u00bb show_control_dot=\u00a0\u00bbon\u00a0\u00bb slides_per_view_tablet=\u00a0\u00bb2&Prime; slides_per_view_phone=\u00a0\u00bb1&Prime; slides_per_view_last_edited=\u00a0\u00bbon|tablet\u00a0\u00bb space_between_slides_tablet=\u00a0\u00bb\u00a0\u00bb space_between_slides_phone=\u00a0\u00bb10px\u00a0\u00bb space_between_slides_last_edited=\u00a0\u00bbon|phone\u00a0\u00bb _builder_version=\u00a0\u00bb4.27.4&Prime; _module_preset=\u00a0\u00bbdefault\u00a0\u00bb header_level=\u00a0\u00bbh4&Prime; read_more_alignment=\u00a0\u00bbcenter\u00a0\u00bb hover_enabled=\u00a0\u00bb0&Prime; global_colors_info=\u00a0\u00bb{}\u00a0\u00bb sticky_enabled=\u00a0\u00bb0&Prime;][\/et_pb_blog_extras][et_pb_button button_url=\u00a0\u00bb@ET-DC@eyJkeW5hbWljIjp0cnVlLCJjb250ZW50IjoicG9zdF9saW5rX3VybF9wYWdlIiwic2V0dGluZ3MiOnsicG9zdF9pZCI6Ijc3NzIzIiwiZW5hYmxlX2h0bWwiOiJvZmYifX0=@\u00a0\u00bb button_text=\u00a0\u00bbTous les communiqu\u00e9s de presse\u00a0\u00bb button_alignment=\u00a0\u00bbcenter\u00a0\u00bb _builder_version=\u00a0\u00bb4.27.4&Prime; _dynamic_attributes=\u00a0\u00bbbutton_url\u00a0\u00bb _module_preset=\u00a0\u00bbdefault\u00a0\u00bb custom_button=\u00a0\u00bbon\u00a0\u00bb background_layout=\u00a0\u00bbdark\u00a0\u00bb mix_blend_mode=\u00a0\u00bbsoft-light\u00a0\u00bb locked=\u00a0\u00bboff\u00a0\u00bb global_colors_info=\u00a0\u00bb{}\u00a0\u00bb][\/et_pb_button][\/et_pb_column][\/et_pb_row][\/et_pb_section][et_pb_section fb_built=\u00a0\u00bb1&Prime; _builder_version=\u00a0\u00bb4.27.2&Prime; _module_preset=\u00a0\u00bbdefault\u00a0\u00bb global_colors_info=\u00a0\u00bb{}\u00a0\u00bb][et_pb_row _builder_version=\u00a0\u00bb4.27.2&Prime; _module_preset=\u00a0\u00bbdefault\u00a0\u00bb global_colors_info=\u00a0\u00bb{}\u00a0\u00bb][et_pb_column type=\u00a0\u00bb4_4&Prime; _builder_version=\u00a0\u00bb4.27.2&Prime; _module_preset=\u00a0\u00bbdefault\u00a0\u00bb global_colors_info=\u00a0\u00bb{}\u00a0\u00bb][et_pb_text _builder_version=\u00a0\u00bb4.27.2&Prime; _module_preset=\u00a0\u00bbdefault\u00a0\u00bb global_colors_info=\u00a0\u00bb{}\u00a0\u00bb]<\/p>\n<h3 style=\"text-align: center\">T\u00e9moignages de clients<\/h3>\n<p>[\/et_pb_text][\/et_pb_column][\/et_pb_row][\/et_pb_section][et_pb_section fb_built=\u00a0\u00bb1&Prime; module_class=\u00a0\u00bbsection-carousel-slider-post\u00a0\u00bb _builder_version=\u00a0\u00bb4.27.2&Prime; _module_preset=\u00a0\u00bbdefault\u00a0\u00bb custom_padding=\u00a0\u00bb62px|||||\u00a0\u00bb global_colors_info=\u00a0\u00bb{}\u00a0\u00bb][et_pb_row _builder_version=\u00a0\u00bb4.27.2&Prime; _module_preset=\u00a0\u00bbdefault\u00a0\u00bb global_colors_info=\u00a0\u00bb{}\u00a0\u00bb][et_pb_column type=\u00a0\u00bb4_4&Prime; _builder_version=\u00a0\u00bb4.27.2&Prime; _module_preset=\u00a0\u00bbdefault\u00a0\u00bb global_colors_info=\u00a0\u00bb{}\u00a0\u00bb][et_pb_blog_extras include_categories=\u00a0\u00bb460&Prime; blog_layout=\u00a0\u00bbslider\u00a0\u00bb slider_layout=\u00a0\u00bbvertical_grid\u00a0\u00bb meta_date=\u00a0\u00bbm\/j\/Y\u00a0\u00bb excerpt_length=\u00a0\u00bb100&Prime; show_more=\u00a0\u00bboff\u00a0\u00bb show_author=\u00a0\u00bboff\u00a0\u00bb show_comments=\u00a0\u00bboff\u00a0\u00bb slides_per_view=\u00a0\u00bb3&Prime; slider_loop=\u00a0\u00bbon\u00a0\u00bb autoplay=\u00a0\u00bboff\u00a0\u00bb show_arrow=\u00a0\u00bbon\u00a0\u00bb show_arrow_on_hover=\u00a0\u00bbon\u00a0\u00bb show_control_dot=\u00a0\u00bbon\u00a0\u00bb slides_per_view_tablet=\u00a0\u00bb2&Prime; slides_per_view_phone=\u00a0\u00bb1&Prime; slides_per_view_last_edited=\u00a0\u00bbon|tablet\u00a0\u00bb space_between_slides_tablet=\u00a0\u00bb\u00a0\u00bb space_between_slides_phone=\u00a0\u00bb10px\u00a0\u00bb space_between_slides_last_edited=\u00a0\u00bbon|phone\u00a0\u00bb _builder_version=\u00a0\u00bb4.27.4&Prime; _module_preset=\u00a0\u00bbdefault\u00a0\u00bb header_level=\u00a0\u00bbh4&Prime; read_more_alignment=\u00a0\u00bbcenter\u00a0\u00bb global_colors_info=\u00a0\u00bb{}\u00a0\u00bb][\/et_pb_blog_extras][et_pb_button button_url=\u00a0\u00bb@ET-DC@eyJkeW5hbWljIjp0cnVlLCJjb250ZW50IjoicG9zdF9saW5rX3VybF9wYWdlIiwic2V0dGluZ3MiOnsicG9zdF9pZCI6Ijc3Nzg4IiwiZW5hYmxlX2h0bWwiOiJvZmYifX0=@\u00a0\u00bb button_text=\u00a0\u00bbTous les t\u00e9moignages de clients\u00a0\u00bb button_alignment=\u00a0\u00bbcenter\u00a0\u00bb _builder_version=\u00a0\u00bb4.27.4&Prime; _dynamic_attributes=\u00a0\u00bbbutton_url\u00a0\u00bb _module_preset=\u00a0\u00bbdefault\u00a0\u00bb custom_button=\u00a0\u00bbon\u00a0\u00bb background_layout=\u00a0\u00bbdark\u00a0\u00bb mix_blend_mode=\u00a0\u00bbsoft-light\u00a0\u00bb locked=\u00a0\u00bboff\u00a0\u00bb global_colors_info=\u00a0\u00bb{}\u00a0\u00bb][\/et_pb_button][\/et_pb_column][\/et_pb_row][\/et_pb_section]<\/p>\n","protected":false},"excerpt":{"rendered":"<p>Nouvelles de la presseHistoires\u00c9v\u00e9nementsGalerie vid\u00e9oT\u00e9l\u00e9chargementsCommuniqu\u00e9s de presseT\u00e9moignages de clients<\/p>\n","protected":false},"author":3,"featured_media":0,"parent":0,"menu_order":0,"comment_status":"closed","ping_status":"closed","template":"","meta":{"_et_pb_use_builder":"on","_et_pb_old_content":"","_et_gb_content_width":"","footnotes":""},"class_list":["post-87745","page","type-page","status-publish","hentry"],"yoast_head":"<!-- This site is optimized with the Yoast SEO plugin v27.2 - https:\/\/yoast.com\/product\/yoast-seo-wordpress\/ -->\n<title>Salle de presse ha\u00eftienne - Haitian Newsroom<\/title>\n<meta name=\"robots\" content=\"index, follow, max-snippet:-1, max-image-preview:large, max-video-preview:-1\" \/>\n<link rel=\"canonical\" href=\"https:\/\/eu.newsroom.haitian.com\/fr\/\" \/>\n<meta property=\"og:locale\" content=\"fr_FR\" \/>\n<meta property=\"og:type\" content=\"article\" \/>\n<meta property=\"og:title\" content=\"Salle de presse ha\u00eftienne - Haitian Newsroom\" \/>\n<meta property=\"og:description\" content=\"Nouvelles de la presseHistoires\u00c9v\u00e9nementsGalerie vid\u00e9oT\u00e9l\u00e9chargementsCommuniqu\u00e9s de presseT\u00e9moignages de clients\" \/>\n<meta property=\"og:url\" content=\"https:\/\/eu.newsroom.haitian.com\/fr\/\" \/>\n<meta property=\"og:site_name\" content=\"Haitian Newsroom\" \/>\n<meta property=\"article:publisher\" content=\"https:\/\/www.facebook.com\/haitiangermany\" \/>\n<meta property=\"article:modified_time\" content=\"2026-05-05T08:13:17+00:00\" \/>\n<meta name=\"twitter:card\" content=\"summary_large_image\" \/>\n<meta name=\"twitter:label1\" content=\"Dur\u00e9e de lecture estim\u00e9e\" \/>\n\t<meta name=\"twitter:data1\" content=\"7 minutes\" \/>\n<script type=\"application\/ld+json\" class=\"yoast-schema-graph\">{\"@context\":\"https:\/\/schema.org\",\"@graph\":[{\"@type\":\"WebPage\",\"@id\":\"https:\/\/eu.newsroom.haitian.com\/fr\/\",\"url\":\"https:\/\/eu.newsroom.haitian.com\/fr\/\",\"name\":\"Salle de presse ha\u00eftienne - Haitian Newsroom\",\"isPartOf\":{\"@id\":\"https:\/\/eu.newsroom.haitian.com\/fr\/#website\"},\"datePublished\":\"2023-12-13T12:29:42+00:00\",\"dateModified\":\"2026-05-05T08:13:17+00:00\",\"breadcrumb\":{\"@id\":\"https:\/\/eu.newsroom.haitian.com\/fr\/#breadcrumb\"},\"inLanguage\":\"fr-FR\",\"potentialAction\":[{\"@type\":\"ReadAction\",\"target\":[\"https:\/\/eu.newsroom.haitian.com\/fr\/\"]}]},{\"@type\":\"BreadcrumbList\",\"@id\":\"https:\/\/eu.newsroom.haitian.com\/fr\/#breadcrumb\",\"itemListElement\":[{\"@type\":\"ListItem\",\"position\":1,\"name\":\"Home\",\"item\":\"https:\/\/eu.newsroom.haitian.com\/fr\/salle-de-presse-haitienne\/\"},{\"@type\":\"ListItem\",\"position\":2,\"name\":\"Salle de presse ha\u00eftienne\"}]},{\"@type\":\"WebSite\",\"@id\":\"https:\/\/eu.newsroom.haitian.com\/fr\/#website\",\"url\":\"https:\/\/eu.newsroom.haitian.com\/fr\/\",\"name\":\"Haitian Newsroom\",\"description\":\"\",\"publisher\":{\"@id\":\"https:\/\/eu.newsroom.haitian.com\/fr\/#organization\"},\"potentialAction\":[{\"@type\":\"SearchAction\",\"target\":{\"@type\":\"EntryPoint\",\"urlTemplate\":\"https:\/\/eu.newsroom.haitian.com\/fr\/?s={search_term_string}\"},\"query-input\":{\"@type\":\"PropertyValueSpecification\",\"valueRequired\":true,\"valueName\":\"search_term_string\"}}],\"inLanguage\":\"fr-FR\"},{\"@type\":\"Organization\",\"@id\":\"https:\/\/eu.newsroom.haitian.com\/fr\/#organization\",\"name\":\"Haitian International Germany GmbH\",\"url\":\"https:\/\/eu.newsroom.haitian.com\/fr\/\",\"logo\":{\"@type\":\"ImageObject\",\"inLanguage\":\"fr-FR\",\"@id\":\"https:\/\/eu.newsroom.haitian.com\/fr\/#\/schema\/logo\/image\/\",\"url\":\"https:\/\/eu.newsroom.haitian.com\/wp-content\/uploads\/sites\/4\/2023\/12\/HTI.svg\",\"contentUrl\":\"https:\/\/eu.newsroom.haitian.com\/wp-content\/uploads\/sites\/4\/2023\/12\/HTI.svg\",\"width\":1,\"height\":1,\"caption\":\"Haitian International Germany GmbH\"},\"image\":{\"@id\":\"https:\/\/eu.newsroom.haitian.com\/fr\/#\/schema\/logo\/image\/\"},\"sameAs\":[\"https:\/\/www.facebook.com\/haitiangermany\",\"https:\/\/www.linkedin.com\/company\/haitian-international-germany\/\",\"https:\/\/www.youtube.com\/c\/HaitianInternationalGermany\"]}]}<\/script>\n<!-- \/ Yoast SEO plugin. -->","yoast_head_json":{"title":"Salle de presse ha\u00eftienne - Haitian Newsroom","robots":{"index":"index","follow":"follow","max-snippet":"max-snippet:-1","max-image-preview":"max-image-preview:large","max-video-preview":"max-video-preview:-1"},"canonical":"https:\/\/eu.newsroom.haitian.com\/fr\/","og_locale":"fr_FR","og_type":"article","og_title":"Salle de presse ha\u00eftienne - Haitian Newsroom","og_description":"Nouvelles de la presseHistoires\u00c9v\u00e9nementsGalerie vid\u00e9oT\u00e9l\u00e9chargementsCommuniqu\u00e9s de presseT\u00e9moignages de clients","og_url":"https:\/\/eu.newsroom.haitian.com\/fr\/","og_site_name":"Haitian Newsroom","article_publisher":"https:\/\/www.facebook.com\/haitiangermany","article_modified_time":"2026-05-05T08:13:17+00:00","twitter_card":"summary_large_image","twitter_misc":{"Dur\u00e9e de lecture estim\u00e9e":"7 minutes"},"schema":{"@context":"https:\/\/schema.org","@graph":[{"@type":"WebPage","@id":"https:\/\/eu.newsroom.haitian.com\/fr\/","url":"https:\/\/eu.newsroom.haitian.com\/fr\/","name":"Salle de presse ha\u00eftienne - Haitian Newsroom","isPartOf":{"@id":"https:\/\/eu.newsroom.haitian.com\/fr\/#website"},"datePublished":"2023-12-13T12:29:42+00:00","dateModified":"2026-05-05T08:13:17+00:00","breadcrumb":{"@id":"https:\/\/eu.newsroom.haitian.com\/fr\/#breadcrumb"},"inLanguage":"fr-FR","potentialAction":[{"@type":"ReadAction","target":["https:\/\/eu.newsroom.haitian.com\/fr\/"]}]},{"@type":"BreadcrumbList","@id":"https:\/\/eu.newsroom.haitian.com\/fr\/#breadcrumb","itemListElement":[{"@type":"ListItem","position":1,"name":"Home","item":"https:\/\/eu.newsroom.haitian.com\/fr\/salle-de-presse-haitienne\/"},{"@type":"ListItem","position":2,"name":"Salle de presse ha\u00eftienne"}]},{"@type":"WebSite","@id":"https:\/\/eu.newsroom.haitian.com\/fr\/#website","url":"https:\/\/eu.newsroom.haitian.com\/fr\/","name":"Haitian Newsroom","description":"","publisher":{"@id":"https:\/\/eu.newsroom.haitian.com\/fr\/#organization"},"potentialAction":[{"@type":"SearchAction","target":{"@type":"EntryPoint","urlTemplate":"https:\/\/eu.newsroom.haitian.com\/fr\/?s={search_term_string}"},"query-input":{"@type":"PropertyValueSpecification","valueRequired":true,"valueName":"search_term_string"}}],"inLanguage":"fr-FR"},{"@type":"Organization","@id":"https:\/\/eu.newsroom.haitian.com\/fr\/#organization","name":"Haitian International Germany GmbH","url":"https:\/\/eu.newsroom.haitian.com\/fr\/","logo":{"@type":"ImageObject","inLanguage":"fr-FR","@id":"https:\/\/eu.newsroom.haitian.com\/fr\/#\/schema\/logo\/image\/","url":"https:\/\/eu.newsroom.haitian.com\/wp-content\/uploads\/sites\/4\/2023\/12\/HTI.svg","contentUrl":"https:\/\/eu.newsroom.haitian.com\/wp-content\/uploads\/sites\/4\/2023\/12\/HTI.svg","width":1,"height":1,"caption":"Haitian International Germany GmbH"},"image":{"@id":"https:\/\/eu.newsroom.haitian.com\/fr\/#\/schema\/logo\/image\/"},"sameAs":["https:\/\/www.facebook.com\/haitiangermany","https:\/\/www.linkedin.com\/company\/haitian-international-germany\/","https:\/\/www.youtube.com\/c\/HaitianInternationalGermany"]}]}},"_links":{"self":[{"href":"https:\/\/eu.newsroom.haitian.com\/fr\/wp-json\/wp\/v2\/pages\/87745","targetHints":{"allow":["GET"]}}],"collection":[{"href":"https:\/\/eu.newsroom.haitian.com\/fr\/wp-json\/wp\/v2\/pages"}],"about":[{"href":"https:\/\/eu.newsroom.haitian.com\/fr\/wp-json\/wp\/v2\/types\/page"}],"author":[{"embeddable":true,"href":"https:\/\/eu.newsroom.haitian.com\/fr\/wp-json\/wp\/v2\/users\/3"}],"replies":[{"embeddable":true,"href":"https:\/\/eu.newsroom.haitian.com\/fr\/wp-json\/wp\/v2\/comments?post=87745"}],"version-history":[{"count":3,"href":"https:\/\/eu.newsroom.haitian.com\/fr\/wp-json\/wp\/v2\/pages\/87745\/revisions"}],"predecessor-version":[{"id":87748,"href":"https:\/\/eu.newsroom.haitian.com\/fr\/wp-json\/wp\/v2\/pages\/87745\/revisions\/87748"}],"wp:attachment":[{"href":"https:\/\/eu.newsroom.haitian.com\/fr\/wp-json\/wp\/v2\/media?parent=87745"}],"curies":[{"name":"wp","href":"https:\/\/api.w.org\/{rel}","templated":true}]}}