{"id":87742,"date":"2023-12-13T18:27:52","date_gmt":"2023-12-13T17:27:52","guid":{"rendered":"https:\/\/eu.newsroom.haitian.com\/evenements\/"},"modified":"2026-05-05T10:11:26","modified_gmt":"2026-05-05T08:11:26","slug":"evenements","status":"publish","type":"page","link":"https:\/\/eu.newsroom.haitian.com\/fr\/evenements\/","title":{"rendered":"Ev\u00e9nements"},"content":{"rendered":"<p>[et_pb_section fb_built=\u00a0\u00bb1&Prime; fullwidth=\u00a0\u00bbon\u00a0\u00bb module_class=\u00a0\u00bbteaser-image-under-text\u00a0\u00bb _builder_version=\u00a0\u00bb4.22.2&Prime; _module_preset=\u00a0\u00bbdefault\u00a0\u00bb locked=\u00a0\u00bboff\u00a0\u00bb global_colors_info=\u00a0\u00bb{}\u00a0\u00bb][et_pb_fullwidth_header title=\u00a0\u00bb\u00c9v\u00e9nements et expositions\u00a0\u00bb subhead=\u00a0\u00bbRassemblons-nous &#8230;\u00a0\u00bb text_orientation=\u00a0\u00bbcenter\u00a0\u00bb header_fullscreen=\u00a0\u00bbon\u00a0\u00bb header_image_url=\u00a0\u00bbhttp:\/\/eu.newsroom.haitian.com\/wp-content\/uploads\/sites\/4\/2024\/01\/Haitian-OpenHouse2023-T.png\u00a0\u00bb image_orientation=\u00a0\u00bbbottom\u00a0\u00bb _builder_version=\u00a0\u00bb4.23.1&Prime; _module_preset=\u00a0\u00bbdefault\u00a0\u00bb background_enable_color=\u00a0\u00bboff\u00a0\u00bb background_layout=\u00a0\u00bblight\u00a0\u00bb global_colors_info=\u00a0\u00bb{}\u00a0\u00bb][\/et_pb_fullwidth_header][\/et_pb_section][et_pb_section fb_built=\u00a0\u00bb1&Prime; _builder_version=\u00a0\u00bb4.23.1&Prime; _module_preset=\u00a0\u00bbdefault\u00a0\u00bb locked=\u00a0\u00bboff\u00a0\u00bb global_colors_info=\u00a0\u00bb{}\u00a0\u00bb][et_pb_row _builder_version=\u00a0\u00bb4.23.1&Prime; _module_preset=\u00a0\u00bbdefault\u00a0\u00bb global_colors_info=\u00a0\u00bb{}\u00a0\u00bb][et_pb_column type=\u00a0\u00bb4_4&Prime; _builder_version=\u00a0\u00bb4.23.1&Prime; _module_preset=\u00a0\u00bbdefault\u00a0\u00bb global_colors_info=\u00a0\u00bb{}\u00a0\u00bb][et_pb_menu menu_id=\u00a0\u00bb163&Prime; _builder_version=\u00a0\u00bb4.24.2&Prime; _module_preset=\u00a0\u00bbdefault\u00a0\u00bb global_colors_info=\u00a0\u00bb{}\u00a0\u00bb][\/et_pb_menu][et_pb_code _builder_version=\u00a0\u00bb4.23.1&Prime; _module_preset=\u00a0\u00bbdefault\u00a0\u00bb global_colors_info=\u00a0\u00bb{}\u00a0\u00bb]<div class='events'><div class='events-date'><span>Mai 19<\/span><\/div><div class='events-image'><img src=' https:\/\/eu.newsroom.haitian.com\/wp-content\/uploads\/sites\/4\/2024\/04\/plastpol_logo_4234.webp' alt=''><\/div><div class='events-content'><div><h5>PLASTPOL 2026<\/h5><p>Exhibitor: Haitian International, Haitian Smart Solutions<\/p><p>05\/19\/2026 - 05\/22\/2026 | Kielce, Poland<\/p><\/div><div class='events-button'><a class='more-link' href='https:\/\/www.targikielce.pl\/en\/plastpol'>more<\/a><\/div><\/div><\/div><div class='events'><div class='events-date'><span>Mai 19<\/span><\/div><div class='events-image'><img src=' https:\/\/eu.newsroom.haitian.com\/wp-content\/uploads\/sites\/4\/2024\/04\/elmia-polymer.png' alt=''><\/div><div class='events-content'><div><h5>Elmia Polymer 2026<\/h5><p>Exhibitor: Haitian International, Haitian Smart Solutions<\/p><p>05\/19\/2026 - 05\/22\/2026 | J\u00f6nk\u00f6ping, Sweden<\/p><\/div><div class='events-button'><a class='more-link' href='https:\/\/www.elmia.se\/en\/polymer\/'>more<\/a><\/div><\/div><\/div><div class='events'><div class='events-date'><span>Juin 2<\/span><\/div><div class='events-image'><img src=' https:\/\/eu.newsroom.haitian.com\/wp-content\/uploads\/sites\/4\/2025\/12\/FIP.png' alt=''><\/div><div class='events-content'><div><h5>FIP 2026<\/h5><p>Exhibitor: Haitian International, Haitian Smart Solutions<\/p><p>06\/02\/2026 - 06\/05\/2026 | Lyon, France<\/p><\/div><div class='events-button'><a class='more-link' href='https:\/\/www.f-i-p.com\/en\/'>more<\/a><\/div><\/div><\/div><div class='events'><div class='events-date'><span>Juin 2<\/span><\/div><div class='events-image'><img src=' https:\/\/eu.newsroom.haitian.com\/wp-content\/uploads\/sites\/4\/2026\/01\/interplas_UK.png' alt=''><\/div><div class='events-content'><div><h5>Interplas 2026<\/h5><p>Exhibitor: Haitian International<\/p><p>06\/02\/2026 - 06\/04\/2026 | NEC, Birmingham, UK<\/p><p>Hall 9 Q30<\/p><p><a target='_blank' href='https:\/\/interplasuk.com\/newfront'>Visit the official website<\/a><\/p><\/div><\/div><\/div><div class='events'><div class='events-date'><span>Juin 9<\/span><\/div><div class='events-image'><img src=' https:\/\/eu.newsroom.haitian.com\/wp-content\/uploads\/sites\/4\/2024\/03\/kuteno_logo.jpg' alt=''><\/div><div class='events-content'><div><h5>KUTENO 2026<\/h5><p>Exhibitor: Haitian International, Haitian Smart Solutions<\/p><p>06\/09\/2026 - 06\/11\/2026 | Exhibition Center Bad Salzuflen, Germany<\/p><p>20-G37<\/p><\/div><div class='events-button'><a class='more-link' href='https:\/\/www.kuteno.de\/en\/'>more<\/a><\/div><\/div><\/div><div class='events'><div class='events-date'><span>Juin 9<\/span><\/div><div class='events-image'><img src=' https:\/\/eu.newsroom.haitian.com\/wp-content\/uploads\/sites\/4\/2025\/12\/Next3D.png' alt=''><\/div><div class='events-content'><div><h5>NEXT3D 2026<\/h5><p>Exhibitor: Haitian International<\/p><p>06\/09\/2026 - 06\/10\/2026 | Technik-Museum St. Georgen, Germany<\/p><\/div><div class='events-button'><a class='more-link' href='https:\/\/3d-werk.shop\/i\/naechste-messen'>more<\/a><\/div><\/div><\/div><div class='events'><div class='events-date'><span>Juin 9<\/span><\/div><div class='events-image'><img src=' https:\/\/eu.newsroom.haitian.com\/wp-content\/uploads\/sites\/4\/2025\/12\/plast-logo-e1747315072590-300x105-1.webp' alt=''><\/div><div class='events-content'><div><h5>Plast 2026<\/h5><p>Exhibitor: Haitian International, Haitian Smart Solutions<\/p><p>06\/09\/2026 - 06\/12\/2026 | Milano, Italy<\/p><p><a target='_blank' href='https:\/\/plastonline.org\/en\/'>Visit the official website<\/a><\/p><\/div><\/div><\/div><div class='events'><div class='events-date'><span>Juin 23<\/span><\/div><div class='events-image'><img src=' https:\/\/eu.newsroom.haitian.com\/wp-content\/uploads\/sites\/4\/2024\/03\/Haitian-International-Germany-OpenHouse-Logo-150x150-1.png' alt=''><\/div><div class='events-content'><div><h5>Haitian Open House 2026<\/h5><p>Exhibitor: Haitian International, Haitian Smart Solutions, Haitian Precision<\/p><p>06\/23\/2026 - 06\/25\/2026 | Ebermannsdorf, Germany<\/p><p>Zhafir Hall<\/p><\/div><\/div><\/div><div class='events'><div class='events-date'><span>Sep 15<\/span><\/div><div class='events-image'><img src=' https:\/\/eu.newsroom.haitian.com\/wp-content\/uploads\/sites\/4\/2026\/01\/AMB-Logo.png' alt=''><\/div><div class='events-content'><div><h5>AMB 2026<\/h5><p>Exhibitor: Haitian Precision<\/p><p>09\/15\/2026 - 09\/19\/2026 | Stuttgart, Germany<\/p><p><a target='_blank' href='https:\/\/www.messe-stuttgart.de\/amb\/'>Visit the official website<\/a><\/p><\/div><\/div><\/div><div class='events'><div class='events-date'><span>Sep 16<\/span><\/div><div class='events-image'><img src=' https:\/\/eu.newsroom.haitian.com\/wp-content\/uploads\/sites\/4\/2024\/03\/Haitian-International-Germany-OpenHouse-Logo-150x150-1.png' alt=''><\/div><div class='events-content'><div><h5>Haitian Factory Open House 2026<\/h5><p>Exhibitor: Haitian International, Haitian Smart Solutions<\/p><p>09\/16\/2026 - 09\/17\/2026 | Ruma, Serbia<\/p><\/div><\/div><\/div><div class='events'><div class='events-date'><span>Oct 12<\/span><\/div><div class='events-image'><img src=' https:\/\/eu.newsroom.haitian.com\/wp-content\/uploads\/sites\/4\/2024\/03\/Fakuma_Logo-1-150x150-1.jpg' alt=''><\/div><div class='events-content'><div><h5>Fakuma 2026<\/h5><p>Exhibitor: Haitian International, Haitian Smart Solutions<\/p><p>10\/12\/2026 - 10\/16\/2026 | Messe Friedrichshafen, Germany<\/p><p><a target='_blank' href='https:\/\/www.fakuma-messe.de\/en\/'>Visit the official website<\/a><\/p><\/div><\/div><\/div>[\/et_pb_code][\/et_pb_column][\/et_pb_row][\/et_pb_section][et_pb_section fb_built=\u00a0\u00bb1&Prime; module_class=\u00a0\u00bbsection-contactRegion-text \u00a0\u00bb _builder_version=\u00a0\u00bb4.25.2&Prime; _module_preset=\u00a0\u00bbdefault\u00a0\u00bb global_colors_info=\u00a0\u00bb{}\u00a0\u00bb theme_builder_area=\u00a0\u00bbpost_content\u00a0\u00bb][et_pb_row column_structure=\u00a0\u00bb1_2,1_2&Prime; make_equal=\u00a0\u00bbon\u00a0\u00bb module_class=\u00a0\u00bblight\u00a0\u00bb _builder_version=\u00a0\u00bb4.25.2&Prime; _module_preset=\u00a0\u00bbdefault\u00a0\u00bb global_colors_info=\u00a0\u00bb{}\u00a0\u00bb theme_builder_area=\u00a0\u00bbpost_content\u00a0\u00bb][et_pb_column type=\u00a0\u00bb1_2&Prime; _builder_version=\u00a0\u00bb4.25.2&Prime; _module_preset=\u00a0\u00bbdefault\u00a0\u00bb global_colors_info=\u00a0\u00bb{}\u00a0\u00bb theme_builder_area=\u00a0\u00bbpost_content\u00a0\u00bb][et_pb_text _builder_version=\u00a0\u00bb4.23.1&Prime; _module_preset=\u00a0\u00bbdefault\u00a0\u00bb text_text_color=\u00a0\u00bb#000000&Prime; header_text_color=\u00a0\u00bb#000000&Prime; header_3_text_color=\u00a0\u00bb#000000&Prime; global_colors_info=\u00a0\u00bb{}\u00a0\u00bb theme_builder_area=\u00a0\u00bbpost_content\u00a0\u00bb]<\/p>\n<h3>Contact direct<\/h3>\n<p>[\/et_pb_text][et_pb_text _builder_version=\u00a0\u00bb4.23.1&Prime; _module_preset=\u00a0\u00bbdefault\u00a0\u00bb global_colors_info=\u00a0\u00bb{}\u00a0\u00bb theme_builder_area=\u00a0\u00bbpost_content\u00a0\u00bb]<\/p>\n<p><span>O\u00f9 que vous soyez, nos partenaires r\u00e9gionaux de vente et de service sont disponibles pour r\u00e9pondre \u00e0 toutes vos questions.  <\/span><\/p>\n<p>[\/et_pb_text][\/et_pb_column][et_pb_column type=\u00a0\u00bb1_2&Prime; _builder_version=\u00a0\u00bb4.25.2&Prime; _module_preset=\u00a0\u00bbdefault\u00a0\u00bb global_colors_info=\u00a0\u00bb{}\u00a0\u00bb theme_builder_area=\u00a0\u00bbpost_content\u00a0\u00bb][et_pb_button button_url=\u00a0\u00bbhttps:\/\/eu.haitianinter.com\/contact-overview\/\u00a0\u00bb url_new_window=\u00a0\u00bbon\u00a0\u00bb button_text=\u00a0\u00bbContacter\u00a0\u00bb button_alignment=\u00a0\u00bbcenter\u00a0\u00bb _builder_version=\u00a0\u00bb4.25.2&Prime; _module_preset=\u00a0\u00bbdefault\u00a0\u00bb background_layout=\u00a0\u00bbdark\u00a0\u00bb global_colors_info=\u00a0\u00bb{}\u00a0\u00bb theme_builder_area=\u00a0\u00bbpost_content\u00a0\u00bb][\/et_pb_button][\/et_pb_column][\/et_pb_row][\/et_pb_section]<\/p>\n","protected":false},"excerpt":{"rendered":"<p>[et_pb_section fb_built=\u00a0\u00bb1&Prime; fullwidth=\u00a0\u00bbon\u00a0\u00bb module_class=\u00a0\u00bbteaser-image-under-text\u00a0\u00bb _builder_version=\u00a0\u00bb4.22.2&Prime; _module_preset=\u00a0\u00bbdefault\u00a0\u00bb locked=\u00a0\u00bboff\u00a0\u00bb global_colors_info=\u00a0\u00bb{}\u00a0\u00bb][et_pb_fullwidth_header title=\u00a0\u00bb\u00c9v\u00e9nements et expositions\u00a0\u00bb subhead=\u00a0\u00bbRassemblons-nous &#8230;\u00a0\u00bb text_orientation=\u00a0\u00bbcenter\u00a0\u00bb header_fullscreen=\u00a0\u00bbon\u00a0\u00bb header_image_url=\u00a0\u00bbhttp:\/\/eu.newsroom.haitian.com\/wp-content\/uploads\/sites\/4\/2024\/01\/Haitian-OpenHouse2023-T.png\u00a0\u00bb image_orientation=\u00a0\u00bbbottom\u00a0\u00bb _builder_version=\u00a0\u00bb4.23.1&Prime; _module_preset=\u00a0\u00bbdefault\u00a0\u00bb background_enable_color=\u00a0\u00bboff\u00a0\u00bb background_layout=\u00a0\u00bblight\u00a0\u00bb global_colors_info=\u00a0\u00bb{}\u00a0\u00bb][\/et_pb_fullwidth_header][\/et_pb_section][et_pb_section fb_built=\u00a0\u00bb1&Prime; _builder_version=\u00a0\u00bb4.23.1&Prime; _module_preset=\u00a0\u00bbdefault\u00a0\u00bb locked=\u00a0\u00bboff\u00a0\u00bb global_colors_info=\u00a0\u00bb{}\u00a0\u00bb][et_pb_row _builder_version=\u00a0\u00bb4.23.1&Prime; _module_preset=\u00a0\u00bbdefault\u00a0\u00bb global_colors_info=\u00a0\u00bb{}\u00a0\u00bb][et_pb_column type=\u00a0\u00bb4_4&Prime; _builder_version=\u00a0\u00bb4.23.1&Prime; _module_preset=\u00a0\u00bbdefault\u00a0\u00bb global_colors_info=\u00a0\u00bb{}\u00a0\u00bb][et_pb_menu menu_id=\u00a0\u00bb163&Prime; _builder_version=\u00a0\u00bb4.24.2&Prime; _module_preset=\u00a0\u00bbdefault\u00a0\u00bb global_colors_info=\u00a0\u00bb{}\u00a0\u00bb][\/et_pb_menu][et_pb_code _builder_version=\u00a0\u00bb4.23.1&Prime; _module_preset=\u00a0\u00bbdefault\u00a0\u00bb global_colors_info=\u00a0\u00bb{}\u00a0\u00bb][\/et_pb_code][\/et_pb_column][\/et_pb_row][\/et_pb_section][et_pb_section fb_built=\u00a0\u00bb1&Prime; module_class=\u00a0\u00bbsection-contactRegion-text \u00a0\u00bb _builder_version=\u00a0\u00bb4.25.2&Prime; _module_preset=\u00a0\u00bbdefault\u00a0\u00bb global_colors_info=\u00a0\u00bb{}\u00a0\u00bb theme_builder_area=\u00a0\u00bbpost_content\u00a0\u00bb][et_pb_row column_structure=\u00a0\u00bb1_2,1_2&Prime; make_equal=\u00a0\u00bbon\u00a0\u00bb module_class=\u00a0\u00bblight\u00a0\u00bb _builder_version=\u00a0\u00bb4.25.2&Prime; _module_preset=\u00a0\u00bbdefault\u00a0\u00bb global_colors_info=\u00a0\u00bb{}\u00a0\u00bb theme_builder_area=\u00a0\u00bbpost_content\u00a0\u00bb][et_pb_column [&hellip;]<\/p>\n","protected":false},"author":1,"featured_media":0,"parent":0,"menu_order":0,"comment_status":"closed","ping_status":"closed","template":"","meta":{"_et_pb_use_builder":"on","_et_pb_old_content":"","_et_gb_content_width":"","footnotes":""},"class_list":["post-87742","page","type-page","status-publish","hentry"],"yoast_head":"<!-- This site is optimized with the Yoast SEO plugin v27.2 - https:\/\/yoast.com\/product\/yoast-seo-wordpress\/ -->\n<title>Ev\u00e9nements - Haitian Newsroom<\/title>\n<meta name=\"robots\" content=\"index, follow, max-snippet:-1, max-image-preview:large, max-video-preview:-1\" \/>\n<link rel=\"canonical\" href=\"https:\/\/eu.newsroom.haitian.com\/fr\/evenements\/\" \/>\n<meta property=\"og:locale\" content=\"fr_FR\" \/>\n<meta property=\"og:type\" content=\"article\" \/>\n<meta property=\"og:title\" content=\"Ev\u00e9nements - Haitian Newsroom\" \/>\n<meta property=\"og:description\" content=\"[et_pb_section fb_built=\u00a0\u00bb1&Prime; fullwidth=\u00a0\u00bbon\u00a0\u00bb module_class=\u00a0\u00bbteaser-image-under-text\u00a0\u00bb _builder_version=\u00a0\u00bb4.22.2&Prime; _module_preset=\u00a0\u00bbdefault\u00a0\u00bb locked=\u00a0\u00bboff\u00a0\u00bb global_colors_info=\u00a0\u00bb{}\u00a0\u00bb][et_pb_fullwidth_header title=\u00a0\u00bb\u00c9v\u00e9nements et expositions\u00a0\u00bb subhead=\u00a0\u00bbRassemblons-nous &#8230;\u00a0\u00bb text_orientation=\u00a0\u00bbcenter\u00a0\u00bb header_fullscreen=\u00a0\u00bbon\u00a0\u00bb header_image_url=\u00a0\u00bbhttp:\/\/eu.newsroom.haitian.com\/wp-content\/uploads\/sites\/4\/2024\/01\/Haitian-OpenHouse2023-T.png\u00a0\u00bb image_orientation=\u00a0\u00bbbottom\u00a0\u00bb _builder_version=\u00a0\u00bb4.23.1&Prime; _module_preset=\u00a0\u00bbdefault\u00a0\u00bb background_enable_color=\u00a0\u00bboff\u00a0\u00bb background_layout=\u00a0\u00bblight\u00a0\u00bb global_colors_info=\u00a0\u00bb{}\u00a0\u00bb][\/et_pb_fullwidth_header][\/et_pb_section][et_pb_section fb_built=\u00a0\u00bb1&Prime; _builder_version=\u00a0\u00bb4.23.1&Prime; _module_preset=\u00a0\u00bbdefault\u00a0\u00bb locked=\u00a0\u00bboff\u00a0\u00bb global_colors_info=\u00a0\u00bb{}\u00a0\u00bb][et_pb_row _builder_version=\u00a0\u00bb4.23.1&Prime; _module_preset=\u00a0\u00bbdefault\u00a0\u00bb global_colors_info=\u00a0\u00bb{}\u00a0\u00bb][et_pb_column type=\u00a0\u00bb4_4&Prime; _builder_version=\u00a0\u00bb4.23.1&Prime; _module_preset=\u00a0\u00bbdefault\u00a0\u00bb global_colors_info=\u00a0\u00bb{}\u00a0\u00bb][et_pb_menu menu_id=\u00a0\u00bb163&Prime; _builder_version=\u00a0\u00bb4.24.2&Prime; _module_preset=\u00a0\u00bbdefault\u00a0\u00bb global_colors_info=\u00a0\u00bb{}\u00a0\u00bb][\/et_pb_menu][et_pb_code _builder_version=\u00a0\u00bb4.23.1&Prime; _module_preset=\u00a0\u00bbdefault\u00a0\u00bb global_colors_info=\u00a0\u00bb{}\u00a0\u00bb][\/et_pb_code][\/et_pb_column][\/et_pb_row][\/et_pb_section][et_pb_section fb_built=\u00a0\u00bb1&Prime; module_class=\u00a0\u00bbsection-contactRegion-text \u00a0\u00bb _builder_version=\u00a0\u00bb4.25.2&Prime; _module_preset=\u00a0\u00bbdefault\u00a0\u00bb global_colors_info=\u00a0\u00bb{}\u00a0\u00bb theme_builder_area=\u00a0\u00bbpost_content\u00a0\u00bb][et_pb_row column_structure=\u00a0\u00bb1_2,1_2&Prime; make_equal=\u00a0\u00bbon\u00a0\u00bb module_class=\u00a0\u00bblight\u00a0\u00bb _builder_version=\u00a0\u00bb4.25.2&Prime; _module_preset=\u00a0\u00bbdefault\u00a0\u00bb global_colors_info=\u00a0\u00bb{}\u00a0\u00bb theme_builder_area=\u00a0\u00bbpost_content\u00a0\u00bb][et_pb_column [&hellip;]\" \/>\n<meta property=\"og:url\" content=\"https:\/\/eu.newsroom.haitian.com\/fr\/evenements\/\" \/>\n<meta property=\"og:site_name\" content=\"Haitian Newsroom\" \/>\n<meta property=\"article:publisher\" content=\"https:\/\/www.facebook.com\/haitiangermany\" \/>\n<meta property=\"article:modified_time\" content=\"2026-05-05T08:11:26+00:00\" \/>\n<meta name=\"twitter:card\" content=\"summary_large_image\" \/>\n<meta name=\"twitter:label1\" content=\"Dur\u00e9e de lecture estim\u00e9e\" \/>\n\t<meta name=\"twitter:data1\" content=\"2 minutes\" \/>\n<script type=\"application\/ld+json\" class=\"yoast-schema-graph\">{\"@context\":\"https:\/\/schema.org\",\"@graph\":[{\"@type\":\"WebPage\",\"@id\":\"https:\/\/eu.newsroom.haitian.com\/fr\/evenements\/\",\"url\":\"https:\/\/eu.newsroom.haitian.com\/fr\/evenements\/\",\"name\":\"Ev\u00e9nements - Haitian Newsroom\",\"isPartOf\":{\"@id\":\"https:\/\/eu.newsroom.haitian.com\/fr\/#website\"},\"datePublished\":\"2023-12-13T17:27:52+00:00\",\"dateModified\":\"2026-05-05T08:11:26+00:00\",\"breadcrumb\":{\"@id\":\"https:\/\/eu.newsroom.haitian.com\/fr\/evenements\/#breadcrumb\"},\"inLanguage\":\"fr-FR\",\"potentialAction\":[{\"@type\":\"ReadAction\",\"target\":[\"https:\/\/eu.newsroom.haitian.com\/fr\/evenements\/\"]}]},{\"@type\":\"BreadcrumbList\",\"@id\":\"https:\/\/eu.newsroom.haitian.com\/fr\/evenements\/#breadcrumb\",\"itemListElement\":[{\"@type\":\"ListItem\",\"position\":1,\"name\":\"Home\",\"item\":\"https:\/\/eu.newsroom.haitian.com\/fr\/salle-de-presse-haitienne\/\"},{\"@type\":\"ListItem\",\"position\":2,\"name\":\"Ev\u00e9nements\"}]},{\"@type\":\"WebSite\",\"@id\":\"https:\/\/eu.newsroom.haitian.com\/fr\/#website\",\"url\":\"https:\/\/eu.newsroom.haitian.com\/fr\/\",\"name\":\"Haitian Newsroom\",\"description\":\"\",\"publisher\":{\"@id\":\"https:\/\/eu.newsroom.haitian.com\/fr\/#organization\"},\"potentialAction\":[{\"@type\":\"SearchAction\",\"target\":{\"@type\":\"EntryPoint\",\"urlTemplate\":\"https:\/\/eu.newsroom.haitian.com\/fr\/?s={search_term_string}\"},\"query-input\":{\"@type\":\"PropertyValueSpecification\",\"valueRequired\":true,\"valueName\":\"search_term_string\"}}],\"inLanguage\":\"fr-FR\"},{\"@type\":\"Organization\",\"@id\":\"https:\/\/eu.newsroom.haitian.com\/fr\/#organization\",\"name\":\"Haitian International Germany GmbH\",\"url\":\"https:\/\/eu.newsroom.haitian.com\/fr\/\",\"logo\":{\"@type\":\"ImageObject\",\"inLanguage\":\"fr-FR\",\"@id\":\"https:\/\/eu.newsroom.haitian.com\/fr\/#\/schema\/logo\/image\/\",\"url\":\"https:\/\/eu.newsroom.haitian.com\/wp-content\/uploads\/sites\/4\/2023\/12\/HTI.svg\",\"contentUrl\":\"https:\/\/eu.newsroom.haitian.com\/wp-content\/uploads\/sites\/4\/2023\/12\/HTI.svg\",\"width\":1,\"height\":1,\"caption\":\"Haitian International Germany GmbH\"},\"image\":{\"@id\":\"https:\/\/eu.newsroom.haitian.com\/fr\/#\/schema\/logo\/image\/\"},\"sameAs\":[\"https:\/\/www.facebook.com\/haitiangermany\",\"https:\/\/www.linkedin.com\/company\/haitian-international-germany\/\",\"https:\/\/www.youtube.com\/c\/HaitianInternationalGermany\"]}]}<\/script>\n<!-- \/ Yoast SEO plugin. -->","yoast_head_json":{"title":"Ev\u00e9nements - Haitian Newsroom","robots":{"index":"index","follow":"follow","max-snippet":"max-snippet:-1","max-image-preview":"max-image-preview:large","max-video-preview":"max-video-preview:-1"},"canonical":"https:\/\/eu.newsroom.haitian.com\/fr\/evenements\/","og_locale":"fr_FR","og_type":"article","og_title":"Ev\u00e9nements - Haitian Newsroom","og_description":"[et_pb_section fb_built=\u00a0\u00bb1&Prime; fullwidth=\u00a0\u00bbon\u00a0\u00bb module_class=\u00a0\u00bbteaser-image-under-text\u00a0\u00bb _builder_version=\u00a0\u00bb4.22.2&Prime; _module_preset=\u00a0\u00bbdefault\u00a0\u00bb locked=\u00a0\u00bboff\u00a0\u00bb global_colors_info=\u00a0\u00bb{}\u00a0\u00bb][et_pb_fullwidth_header title=\u00a0\u00bb\u00c9v\u00e9nements et expositions\u00a0\u00bb subhead=\u00a0\u00bbRassemblons-nous &#8230;\u00a0\u00bb text_orientation=\u00a0\u00bbcenter\u00a0\u00bb header_fullscreen=\u00a0\u00bbon\u00a0\u00bb header_image_url=\u00a0\u00bbhttp:\/\/eu.newsroom.haitian.com\/wp-content\/uploads\/sites\/4\/2024\/01\/Haitian-OpenHouse2023-T.png\u00a0\u00bb image_orientation=\u00a0\u00bbbottom\u00a0\u00bb _builder_version=\u00a0\u00bb4.23.1&Prime; _module_preset=\u00a0\u00bbdefault\u00a0\u00bb background_enable_color=\u00a0\u00bboff\u00a0\u00bb background_layout=\u00a0\u00bblight\u00a0\u00bb global_colors_info=\u00a0\u00bb{}\u00a0\u00bb][\/et_pb_fullwidth_header][\/et_pb_section][et_pb_section fb_built=\u00a0\u00bb1&Prime; _builder_version=\u00a0\u00bb4.23.1&Prime; _module_preset=\u00a0\u00bbdefault\u00a0\u00bb locked=\u00a0\u00bboff\u00a0\u00bb global_colors_info=\u00a0\u00bb{}\u00a0\u00bb][et_pb_row _builder_version=\u00a0\u00bb4.23.1&Prime; _module_preset=\u00a0\u00bbdefault\u00a0\u00bb global_colors_info=\u00a0\u00bb{}\u00a0\u00bb][et_pb_column type=\u00a0\u00bb4_4&Prime; _builder_version=\u00a0\u00bb4.23.1&Prime; _module_preset=\u00a0\u00bbdefault\u00a0\u00bb global_colors_info=\u00a0\u00bb{}\u00a0\u00bb][et_pb_menu menu_id=\u00a0\u00bb163&Prime; _builder_version=\u00a0\u00bb4.24.2&Prime; _module_preset=\u00a0\u00bbdefault\u00a0\u00bb global_colors_info=\u00a0\u00bb{}\u00a0\u00bb][\/et_pb_menu][et_pb_code _builder_version=\u00a0\u00bb4.23.1&Prime; _module_preset=\u00a0\u00bbdefault\u00a0\u00bb global_colors_info=\u00a0\u00bb{}\u00a0\u00bb][\/et_pb_code][\/et_pb_column][\/et_pb_row][\/et_pb_section][et_pb_section fb_built=\u00a0\u00bb1&Prime; module_class=\u00a0\u00bbsection-contactRegion-text \u00a0\u00bb _builder_version=\u00a0\u00bb4.25.2&Prime; _module_preset=\u00a0\u00bbdefault\u00a0\u00bb global_colors_info=\u00a0\u00bb{}\u00a0\u00bb theme_builder_area=\u00a0\u00bbpost_content\u00a0\u00bb][et_pb_row column_structure=\u00a0\u00bb1_2,1_2&Prime; make_equal=\u00a0\u00bbon\u00a0\u00bb module_class=\u00a0\u00bblight\u00a0\u00bb _builder_version=\u00a0\u00bb4.25.2&Prime; _module_preset=\u00a0\u00bbdefault\u00a0\u00bb global_colors_info=\u00a0\u00bb{}\u00a0\u00bb theme_builder_area=\u00a0\u00bbpost_content\u00a0\u00bb][et_pb_column [&hellip;]","og_url":"https:\/\/eu.newsroom.haitian.com\/fr\/evenements\/","og_site_name":"Haitian Newsroom","article_publisher":"https:\/\/www.facebook.com\/haitiangermany","article_modified_time":"2026-05-05T08:11:26+00:00","twitter_card":"summary_large_image","twitter_misc":{"Dur\u00e9e de lecture estim\u00e9e":"2 minutes"},"schema":{"@context":"https:\/\/schema.org","@graph":[{"@type":"WebPage","@id":"https:\/\/eu.newsroom.haitian.com\/fr\/evenements\/","url":"https:\/\/eu.newsroom.haitian.com\/fr\/evenements\/","name":"Ev\u00e9nements - Haitian Newsroom","isPartOf":{"@id":"https:\/\/eu.newsroom.haitian.com\/fr\/#website"},"datePublished":"2023-12-13T17:27:52+00:00","dateModified":"2026-05-05T08:11:26+00:00","breadcrumb":{"@id":"https:\/\/eu.newsroom.haitian.com\/fr\/evenements\/#breadcrumb"},"inLanguage":"fr-FR","potentialAction":[{"@type":"ReadAction","target":["https:\/\/eu.newsroom.haitian.com\/fr\/evenements\/"]}]},{"@type":"BreadcrumbList","@id":"https:\/\/eu.newsroom.haitian.com\/fr\/evenements\/#breadcrumb","itemListElement":[{"@type":"ListItem","position":1,"name":"Home","item":"https:\/\/eu.newsroom.haitian.com\/fr\/salle-de-presse-haitienne\/"},{"@type":"ListItem","position":2,"name":"Ev\u00e9nements"}]},{"@type":"WebSite","@id":"https:\/\/eu.newsroom.haitian.com\/fr\/#website","url":"https:\/\/eu.newsroom.haitian.com\/fr\/","name":"Haitian Newsroom","description":"","publisher":{"@id":"https:\/\/eu.newsroom.haitian.com\/fr\/#organization"},"potentialAction":[{"@type":"SearchAction","target":{"@type":"EntryPoint","urlTemplate":"https:\/\/eu.newsroom.haitian.com\/fr\/?s={search_term_string}"},"query-input":{"@type":"PropertyValueSpecification","valueRequired":true,"valueName":"search_term_string"}}],"inLanguage":"fr-FR"},{"@type":"Organization","@id":"https:\/\/eu.newsroom.haitian.com\/fr\/#organization","name":"Haitian International Germany GmbH","url":"https:\/\/eu.newsroom.haitian.com\/fr\/","logo":{"@type":"ImageObject","inLanguage":"fr-FR","@id":"https:\/\/eu.newsroom.haitian.com\/fr\/#\/schema\/logo\/image\/","url":"https:\/\/eu.newsroom.haitian.com\/wp-content\/uploads\/sites\/4\/2023\/12\/HTI.svg","contentUrl":"https:\/\/eu.newsroom.haitian.com\/wp-content\/uploads\/sites\/4\/2023\/12\/HTI.svg","width":1,"height":1,"caption":"Haitian International Germany GmbH"},"image":{"@id":"https:\/\/eu.newsroom.haitian.com\/fr\/#\/schema\/logo\/image\/"},"sameAs":["https:\/\/www.facebook.com\/haitiangermany","https:\/\/www.linkedin.com\/company\/haitian-international-germany\/","https:\/\/www.youtube.com\/c\/HaitianInternationalGermany"]}]}},"_links":{"self":[{"href":"https:\/\/eu.newsroom.haitian.com\/fr\/wp-json\/wp\/v2\/pages\/87742","targetHints":{"allow":["GET"]}}],"collection":[{"href":"https:\/\/eu.newsroom.haitian.com\/fr\/wp-json\/wp\/v2\/pages"}],"about":[{"href":"https:\/\/eu.newsroom.haitian.com\/fr\/wp-json\/wp\/v2\/types\/page"}],"author":[{"embeddable":true,"href":"https:\/\/eu.newsroom.haitian.com\/fr\/wp-json\/wp\/v2\/users\/1"}],"replies":[{"embeddable":true,"href":"https:\/\/eu.newsroom.haitian.com\/fr\/wp-json\/wp\/v2\/comments?post=87742"}],"version-history":[{"count":2,"href":"https:\/\/eu.newsroom.haitian.com\/fr\/wp-json\/wp\/v2\/pages\/87742\/revisions"}],"predecessor-version":[{"id":87744,"href":"https:\/\/eu.newsroom.haitian.com\/fr\/wp-json\/wp\/v2\/pages\/87742\/revisions\/87744"}],"wp:attachment":[{"href":"https:\/\/eu.newsroom.haitian.com\/fr\/wp-json\/wp\/v2\/media?parent=87742"}],"curies":[{"name":"wp","href":"https:\/\/api.w.org\/{rel}","templated":true}]}}